{"id":7718,"date":"2021-03-09T11:28:40","date_gmt":"2021-03-09T11:28:40","guid":{"rendered":"https:\/\/mtb.group\/?page_id=7718"},"modified":"2023-02-07T09:31:29","modified_gmt":"2023-02-07T07:31:29","slug":"a-propos-de-nous","status":"publish","type":"page","link":"https:\/\/mtb.group\/fr\/a-propos-de-nous","title":{"rendered":"\u00c0 propos de nous"},"content":{"rendered":"<div class=\"wpb-content-wrapper\"><p>[vc_row][vc_column][vc_column_text el_class=\u00a0\u00bbsection-title\u00a0\u00bb]<\/p>\n<h2><\/h2>\n<h2>EXPERT EN SANT\u00c9<br \/>\nET SECURIT\u00c9<\/h2>\n<p>[\/vc_column_text][vc_column_text el_class=\u00a0\u00bbsection-block\u00a0\u00bb link_color=\u00a0\u00bb#fcbd18&Prime;]<\/p>\n<blockquote><p>\u00abCeux qui pensent qu&rsquo;acqu\u00e9rir des connaissances co\u00fbte cher, consid\u00e8rent-ils les co\u00fbts de l&rsquo;ignorance?\u00bb<br \/>\n(Tonk Emil)<\/p>\n<div class=\"skew yellow-background\"><\/div>\n<div class=\"skew yellow-background\"><\/div>\n<div class=\"skew yellow-background\"><\/div>\n<\/blockquote>\n<p>L\u2019histoire couronn\u00e9e de succ\u00e8s de MTB Group a commenc\u00e9 en 2007 avec un bureau d&rsquo;ing\u00e9nierie unipersonnel, au sein duquel les t\u00e2ches effectu\u00e9es touchaient principalement au domaine de la s\u00e9curit\u00e9 au travail dans le cadre de chantiers immobiliers &#8211; initialement avec l&#8217;emploi et l&rsquo;affectation de quelques sp\u00e9cialistes seulement. Le bureau d&rsquo;ing\u00e9nierie a \u00e9t\u00e9 pl\u00e9biscit\u00e9 par ses clients du fait de son son engagement r\u00e9solu et vigoureux dans la r\u00e9alisation des t\u00e2ches qui lui \u00e9taient assign\u00e9es, proposant notamment des solutions adapt\u00e9es aux probl\u00e8mes qu\u2019il traitait et multipliant des suggestions inventives. En cons\u00e9quence, MTB Group a fourni des services de s\u00e9curit\u00e9 efficients aux entreprises d\u2019investissement \u00e9trang\u00e8res et nationales notamment dans les centrales \u00e9lectriques, et ce d\u00e8s ses premi\u00e8res ann\u00e9es. Gr\u00e2ce \u00e0 son professionnalisme et \u00e0 son efficacit\u00e9, cr\u00e9ateur de valeur, ax\u00e9s syst\u00e9matiquement sur le partenariat, son succ\u00e8s a rapidement \u00e9t\u00e9 au rendez-vous. Les sp\u00e9cialistes de MTB Group, devenu aujourd&rsquo;hui un groupe d&rsquo;entreprises, sont largement reconnus dans leur travail au profit des clients nationaux et internationaux, offrant une gamme de services radicalement \u00e9largie. Notre engagement en faveur d&rsquo;une am\u00e9lioration continue de la qualit\u00e9 des services propos\u00e9s a accru la comp\u00e9titivit\u00e9 internationale de nos clients et partenaires, ce qui les a confort\u00e9s dans le statut de fournisseurs stables pour les plus grandes entreprises, tant en Hongrie qu&rsquo;\u00e0 l&rsquo;\u00e9tranger.<\/p>\n<p>MTB Group fournit ses services sous la forme suivante:<\/p>\n<p>&#8211; MTB-TECH Ltd : protection du travail, de l\u2019environnement, pr\u00e9vention des incendies, avec le souci permanent de la qualit\u00e9 du service rendu aux entreprises, s\u00e9curit\u00e9 des travaux de construction et des syst\u00e8mes de contr\u00f4le d&rsquo;acc\u00e8s<br \/>\n&#8211; MTB Sales Ltd : \u00e9quipement de protection individuelle, distribution de v\u00eatements de travail, acquisition d\u2019entreprise<br \/>\n&#8211; MTB Industrial Ltd : travaux de toiture<\/p>\n<p>La cr\u00e9ation et la progression du groupe d&rsquo;entreprises sont le fait d\u2019un jeune entrepreneur hongrois, qui par sa d\u00e9termination et son d\u00e9sir d\u2019entreprendre a assur\u00e9 contre vents et mar\u00e9es le d\u00e9veloppement du groupe, montrant par l\u00e0-m\u00eame que le courage et la volont\u00e9 sont des valeurs universelles, indispensables outils d\u2019un succ\u00e8s \u00e9conomique ici en Hongrie ou ailleurs. En cons\u00e9quence, MTB Group emploie aujourd&rsquo;hui plus de 120 personnes, majoritairement des ing\u00e9nieurs et des \u00e9chafaudeurs, et son chiffre d&rsquo;affaires consolid\u00e9 en 2022 a d\u00e9pass\u00e9 4.7 millions d&rsquo;euros nets.<\/p>\n<p>Notre compagnie. Votre \u00e9quipe.<\/p>\n<p>L&rsquo;\u00e9quipe MTB[\/vc_column_text][\/vc_column][\/vc_row][vc_row][vc_column]<div class=\"wpb-content-wrapper\"><p>[vc_row el_class=\u00a0\u00bbcontact-section\u00a0\u00bb css=\u00a0\u00bb.vc_custom_1597662711694{padding-top: 50px !important;}\u00a0\u00bb][vc_column][vc_column_text el_class=\u00a0\u00bbsection-title\u00a0\u00bb]<\/p>\n<h2>Contact<\/h2>\n<p>[\/vc_column_text][vc_column_text el_class=\u00a0\u00bbsection-block\u00a0\u00bb]\n<div class=\"wpcf7 no-js\" id=\"wpcf7-f1242-o1\" lang=\"en-US\" dir=\"ltr\" data-wpcf7-id=\"1242\">\n<div class=\"screen-reader-response\"><p role=\"status\" aria-live=\"polite\" aria-atomic=\"true\"><\/p> <ul><\/ul><\/div>\n<form action=\"\/fr\/wp-json\/wp\/v2\/pages\/7718#wpcf7-f1242-o1\" method=\"post\" class=\"wpcf7-form init wpcf7-acceptance-as-validation\" aria-label=\"Contact form\" novalidate=\"novalidate\" data-status=\"init\">\n<fieldset class=\"hidden-fields-container\"><input type=\"hidden\" name=\"_wpcf7\" value=\"1242\" \/><input type=\"hidden\" name=\"_wpcf7_version\" value=\"6.1.5\" \/><input type=\"hidden\" name=\"_wpcf7_locale\" value=\"en_US\" \/><input type=\"hidden\" name=\"_wpcf7_unit_tag\" value=\"wpcf7-f1242-o1\" \/><input type=\"hidden\" name=\"_wpcf7_container_post\" value=\"0\" \/><input type=\"hidden\" name=\"_wpcf7_posted_data_hash\" value=\"\" \/>\n<\/fieldset>\n<div class=\"l-grid-row\">\n\t<div class=\"l-grid-6\">\n\t\t<div>\n\t\t\t<p><label>Nom<\/label><span class=\"wpcf7-form-control-wrap\" data-name=\"your-name\"><input size=\"40\" maxlength=\"400\" class=\"wpcf7-form-control wpcf7-text wpcf7-validates-as-required\" aria-required=\"true\" aria-invalid=\"false\" value=\"\" type=\"text\" name=\"your-name\" \/><\/span>\n\t\t\t<\/p>\n\t\t<\/div>\n\t<\/div>\n\t<div class=\"l-grid-6\">\n\t\t<div>\n\t\t\t<p><label>Nom de la soci\u00e9te<\/label><span class=\"wpcf7-form-control-wrap\" data-name=\"company\"><input size=\"40\" maxlength=\"400\" class=\"wpcf7-form-control wpcf7-text wpcf7-validates-as-required\" aria-required=\"true\" aria-invalid=\"false\" value=\"\" type=\"text\" name=\"company\" \/><\/span>\n\t\t\t<\/p>\n\t\t<\/div>\n\t<\/div>\n<\/div>\n<div class=\"l-grid-row\">\n\t<div class=\"l-grid-6\">\n\t\t<div>\n\t\t\t<p><label>Email<\/label><span class=\"wpcf7-form-control-wrap\" data-name=\"email\"><input size=\"40\" maxlength=\"400\" class=\"wpcf7-form-control wpcf7-email wpcf7-validates-as-required wpcf7-text wpcf7-validates-as-email\" aria-required=\"true\" aria-invalid=\"false\" value=\"\" type=\"email\" name=\"email\" \/><\/span>\n\t\t\t<\/p>\n\t\t<\/div>\n\t<\/div>\n\t<div class=\"l-grid-6\">\n\t\t<div>\n\t\t\t<p><label>Telephone<\/label><span class=\"wpcf7-form-control-wrap\" data-name=\"phone\"><input size=\"40\" maxlength=\"400\" class=\"wpcf7-form-control wpcf7-tel wpcf7-text wpcf7-validates-as-tel\" aria-invalid=\"false\" value=\"\" type=\"tel\" name=\"phone\" \/><\/span>\n\t\t\t<\/p>\n\t\t<\/div>\n\t<\/div>\n<\/div>\n<div class=\"l-grid-row\">\n\t<div class=\"l-grid-12\">\n\t\t<div>\n\t\t\t<p><label>Message<\/label><span class=\"wpcf7-form-control-wrap\" data-name=\"message\"><input size=\"40\" maxlength=\"400\" class=\"wpcf7-form-control wpcf7-text wpcf7-validates-as-required\" aria-required=\"true\" aria-invalid=\"false\" value=\"\" type=\"text\" name=\"message\" \/><\/span>\n\t\t\t<\/p>\n\t\t<\/div>\n\t<\/div>\n<\/div>\n<p><span class=\"wpcf7-form-control-wrap\" data-name=\"acceptance-640\"><span class=\"wpcf7-form-control wpcf7-acceptance\"><span class=\"wpcf7-list-item\"><label><input type=\"checkbox\" name=\"acceptance-640\" value=\"1\" aria-invalid=\"false\" \/><span class=\"wpcf7-list-item-label\">J'accepte <a href=\"\/fr\/privacy-policy\/\">la politique de confidentialit\u00e9<\/a><\/span><\/label><\/span><\/span><\/span>\n<\/p>\n<div class=\"contact-submit\">\n\t<p><a href=\"\" class=\"btn form-submit\"><span>Envoyer<\/span><\/a>\n\t<\/p>\n<\/div><div class=\"wpcf7-response-output\" aria-hidden=\"true\"><\/div>\n<\/form>\n<\/div>\n[\/vc_column_text][\/vc_column][\/vc_row][vc_row full_width=\u00a0\u00bbstretch_row_content_no_spaces\u00a0\u00bb el_class=\u00a0\u00bbmap-section\u00a0\u00bb][vc_column][vc_raw_html css=\u00a0\u00bb.vc_custom_1597118648449{margin-bottom: 0px !important;}\u00a0\u00bb]JTNDZGl2JTIwY2xhc3MlM0QlMjJzZXBhcmF0b3IlMjIlM0UlMEElMDklMDklM0NkaXYlMjBjbGFzcyUzRCUyMnNrZXclMjBibGFjay1iYWNrZ3JvdW5kJTIyJTNFJTNDJTJGZGl2JTNFJTBBJTA5JTA5JTNDZGl2JTIwY2xhc3MlM0QlMjJza2V3JTIweWVsbG93LWJhY2tncm91bmQlMjIlM0UlM0MlMkZkaXYlM0UlMEElMDklM0MlMkZkaXYlM0U=[\/vc_raw_html][\/vc_column][\/vc_row][vc_row full_width=\u00a0\u00bbstretch_row\u00a0\u00bb el_class=\u00a0\u00bbmap-section\u00a0\u00bb css=\u00a0\u00bb.vc_custom_1597119492304{padding-bottom: 100px !important;background-color: #000000 !important;}\u00a0\u00bb][vc_column]<ul class=\"luvmap luv_dynamic-a3095f94\" data-type=\"roadmap\" data-animation=\"drop\" data-zoom=\"6\" data-disable-ui=\"false\" data-scrollwheel=\"true\" data-draggable=\"true\"  data-use-clusters=\"false\"><li class=\"luvmap-address\">6043 Kunbaracs, D\u00f3zsa Gy\u00f6rgy utca 33<span class=\"luvmap-info\">MTB Entrep\u00f4t<\/span><\/li>\n<li class=\"luvmap-address\">1064 Budapest, Izabella utca 70. fsz. 1.<span class=\"luvmap-info\">MTB Si\u00e8ge de la Soci\u00e9t\u00e9<\/span><\/li>\n<li class=\"luvmap-address\">54 Rue Andr\u00e9 Vasseur 31200 Toulouse<span class=\"luvmap-info\">MTB FRANCE S.A.S.<\/span><\/li>\n<\/ul>[vc_row_inner][vc_column_inner width=\u00a0\u00bb1\/3&Prime;][vc_raw_html]JTNDZGl2JTIwY2xhc3MlM0QlMjJpY29ucyUyMiUzRSUwQSUyMCUyMCUyMCUyMCUyMCUyMCUyMCUyMCUyMCUyMCUyMCUyMCUyMCUyMCUyMCUyMCUzQ2RpdiUyMGNsYXNzJTNEJTIyaXRlbSUyMiUzRSUwQSUyMCUyMCUyMCUyMCUyMCUyMCUyMCUyMCUyMCUyMCUyMCUyMCUyMCUyMCUyMCUyMCUyMCUyMCUyMCUyMCUzQ2RpdiUyMGNsYXNzJTNEJTIyc3ZnJTIweWVsbG93JTIyJTNFJTBBJTIwJTIwJTIwJTIwJTIwJTIwJTIwJTIwJTIwJTIwJTIwJTIwJTIwJTIwJTIwJTIwJTIwJTIwJTIwJTIwJTIwJTIwJTIwJTIwJTNDc3ZnJTIwdmVyc2lvbiUzRCUyMjEuMSUyMiUyMGlkJTNEJTIyTGF5ZXJfMyUyMiUyMHhtbG5zJTNEJTIyaHR0cCUzQSUyRiUyRnd3dy53My5vcmclMkYyMDAwJTJGc3ZnJTIyJTIweG1sbnMlM0F4bGluayUzRCUyMmh0dHAlM0ElMkYlMkZ3d3cudzMub3JnJTJGMTk5OSUyRnhsaW5rJTIyJTIweCUzRCUyMjBweCUyMiUyMHklM0QlMjIwcHglMjIlMjB2aWV3Qm94JTNEJTIyMCUyMDAlMjAxNC4xJTIwMTkuNiUyMiUyMHN0eWxlJTNEJTIyZW5hYmxlLWJhY2tncm91bmQlM0FuZXclMjAwJTIwMCUyMDE0LjElMjAxOS42JTNCJTIyJTIweG1sJTNBc3BhY2UlM0QlMjJwcmVzZXJ2ZSUyMiUzRSUwQSUzQ3BhdGglMjBpZCUzRCUyMlhNTElEXzEwNTRfJTIyJTIwc3R5bGUlM0QlMjJmaWxsJTNBJTIzRkNCRTBFJTNCJTIyJTIwZCUzRCUyMk0xMS44JTJDMS43QzEwLjYlMkMwLjYlMkM4LjklMkMwJTJDNyUyQzBTMy41JTJDMC42JTJDMi4zJTJDMS43QzAuOCUyQzMlMkMwJTJDNSUyQzAlMkM3LjUlMEElMDljMCUyQzUuNCUyQzYuMiUyQzExLjclMkM2LjQlMkMxMS45YzAuMiUyQzAuMiUyQzAuNCUyQzAuMyUyQzAuNiUyQzAuM2MwLjIlMkMwJTJDMC40LTAuMSUyQzAuNi0wLjNjMC4zLTAuMyUyQzYuNC02LjYlMkM2LjQtMTEuOUMxNC4xJTJDNSUyQzEzLjMlMkMzJTJDMTEuOCUyQzEuN3olMjBNNyUyQzE3LjUlMEElMDljLTAuNi0wLjYtMS41LTEuNy0yLjQtM2MtMS45LTIuNy0yLjktNS4yLTIuOS03LjFjMC01LjMlMkM0LjEtNS44JTJDNS4zLTUuOGM1JTJDMCUyQzUuMyUyQzQuNCUyQzUuMyUyQzUuOEMxMi40JTJDMTEuMiUyQzguNiUyQzE1LjglMkM3JTJDMTcuNXolMjBNNyUyQzMuNyUwQSUwOWMtMS45JTJDMC0zLjQlMkMxLjUtMy40JTJDMy41czEuNSUyQzMuNSUyQzMuNCUyQzMuNWMxLjklMkMwJTJDMy40LTEuNSUyQzMuNC0zLjVTOC45JTJDMy43JTJDNyUyQzMuN3olMjBNNyUyQzkuMWMtMSUyQzAtMS45LTAuOS0xLjktMnMwLjktMiUyQzEuOS0yJTBBJTA5YzEuMSUyQzAlMkMxLjklMkMwLjklMkMxLjklMkMyUzguMSUyQzkuMSUyQzclMkM5LjF6JTIyJTNFJTNDJTJGcGF0aCUzRSUwQSUzQyUyRnN2ZyUzRSUwQSUwQSUyMCUyMCUyMCUyMCUyMCUyMCUyMCUyMCUyMCUyMCUyMCUyMCUyMCUyMCUyMCUyMCUyMCUyMCUyMCUyMCUzQyUyRmRpdiUzRSUwQSUyMCUyMCUyMCUyMCUyMCUyMCUyMCUyMCUyMCUyMCUyMCUyMCUyMCUyMCUyMCUyMCUyMCUyMCUyMCUyMCUzQ2RpdiUyMGNsYXNzJTNEJTIydGV4dCUyMiUzRSUwQSUwOSUyMCUyMCUyMCUyMCUyMCUyMCUyMCUyMCUyMCUyMCUyMCUyMCUyMCUyMCUyMCUyMCUyMCUyMCUyMCUyMCUzQ2RpdiUyMGNsYXNzJTNEJTIydGl0bGUlMjB5ZWxsb3ctdGV4dCUyMHRleHQtc2l6ZS0yMiUyMGJvbGQlMjBsZXR0ZXItc3BhY2luZyUyMiUzRVNpJUMzJUE4Z2UlMjBkZSUyMGxhJTIwU29jaSVDMyVBOXQlQzMlQTklM0MlMkZkaXYlM0UlMEElMjAlMjAlMjAlMjAlMjAlMjAlMjAlMjAlMjAlMjAlMjAlMjAlMjAlMjAlMjAlMjAlMjAlMjAlMjAlMjAlMjAlMjAlMjAlMjAlM0NkaXYlMjBjbGFzcyUzRCUyMmRhdGElMjB3aGl0ZS10ZXh0JTIwdGV4dC1zaXplLTIyJTIwYm9sZCUyMiUzRTEwNjQlMjBCdWRhcGVzdCUyQyUyMEl6YWJlbGxhJTIwdXRjYSUyMDcwLiUyMGZzei4lMjAxLiUzQyUyRmRpdiUzRSUwQSUyMCUyMCUyMCUyMCUyMCUyMCUyMCUyMCUyMCUyMCUyMCUyMCUyMCUyMCUyMCUyMCUyMCUyMCUyMCUyMCUzQyUyRmRpdiUzRSUwQSUyMCUyMCUyMCUyMCUyMCUyMCUyMCUyMCUyMCUyMCUyMCUyMCUyMCUyMCUyMCUyMCUzQyUyRmRpdiUzRSUwQSUyMCUyMCUyMCUyMCUyMCUyMCUyMCUyMCUyMCUyMCUyMCUyMCUyMCUyMCUyMCUyMCUzQ2RpdiUyMGNsYXNzJTNEJTIyaXRlbSUyMiUzRSUwQSUyMCUyMCUyMCUyMCUyMCUyMCUyMCUyMCUyMCUyMCUyMCUyMCUyMCUyMCUyMCUyMCUyMCUyMCUyMCUyMCUzQ2RpdiUyMGNsYXNzJTNEJTIyc3ZnJTIweWVsbG93JTIyJTNFJTBBJTIwJTIwJTIwJTIwJTIwJTIwJTIwJTIwJTIwJTIwJTIwJTIwJTIwJTIwJTIwJTIwJTIwJTIwJTIwJTIwJTIwJTIwJTIwJTIwJTNDc3ZnJTIwdmVyc2lvbiUzRCUyMjEuMSUyMiUyMGlkJTNEJTIyTGF5ZXJfMyUyMiUyMHhtbG5zJTNEJTIyaHR0cCUzQSUyRiUyRnd3dy53My5vcmclMkYyMDAwJTJGc3ZnJTIyJTIweG1sbnMlM0F4bGluayUzRCUyMmh0dHAlM0ElMkYlMkZ3d3cudzMub3JnJTJGMTk5OSUyRnhsaW5rJTIyJTIweCUzRCUyMjBweCUyMiUyMHklM0QlMjIwcHglMjIlMjB2aWV3Qm94JTNEJTIyMCUyMDAlMjAxOS4yJTIwMTkuMiUyMiUyMHN0eWxlJTNEJTIyZW5hYmxlLWJhY2tncm91bmQlM0FuZXclMjAwJTIwMCUyMDE5LjIlMjAxOS4yJTNCJTIyJTIweG1sJTNBc3BhY2UlM0QlMjJwcmVzZXJ2ZSUyMiUzRSUwQSUzQ3BhdGglMjBpZCUzRCUyMlhNTElEXzEyNl8lMjIlMjBzdHlsZSUzRCUyMmZpbGwlM0ElMjNGQ0JFMEUlM0IlMjIlMjBkJTNEJTIyTTE4LjclMkMyLjVDMTguNyUyQzIuNCUyQzE4LjYlMkMyLjQlMkMxOC43JTJDMi41bC0yLjMtMkMxNiUyQzAuMSUyQzE1LjYlMkMwJTJDMTUuMSUyQzAlMEElMDljLTAuNCUyQzAtMC44JTJDMC4yLTEuMSUyQzAuNWMwJTJDMCUyQzAlMkMwLTAuMSUyQzAuMWwtMi4zJTJDMi44Yy0wLjYlMkMwLjYtMC42JTJDMS42JTJDMCUyQzIuMmMwJTJDMCUyQzAuMSUyQzAuMSUyQzAuMSUyQzAuMUwxMyUyQzYuNWMtMC4xJTJDMC40LTAuNyUyQzEuNi0yLjglMkMzLjclMEElMDljLTIuMSUyQzIuMS0zLjMlMkMyLjctMy43JTJDMi44bC0wLjgtMS4yYzAlMkMwLTAuMS0wLjEtMC4xLTAuMWMtMC42LTAuNi0xLjYtMC42LTIuMiUyQzBsLTIuOCUyQzIuM2MwJTJDMC0wLjElMkMwLTAuMSUyQzAuMSUwQSUwOWMtMC42JTJDMC43LTAuNyUyQzEuNy0wLjElMkMyLjNsMiUyQzIuM2MwJTJDMCUyQzAlMkMwJTJDMCUyQzBjMC40JTJDMC40JTJDMSUyQzAuNSUyQzEuNiUyQzAuNWMxLjIlMkMwJTJDMi41LTAuNSUyQzMuMi0wLjdjMS40LTAuNSUyQzQtMS44JTJDNi43LTQuNSUwQSUwOWMyLTIlMkMzLjUtNC4zJTJDNC41LTYuN0MxOC45JTJDNi4yJTJDMTkuOCUyQzMuNiUyQzE4LjclMkMyLjV6JTIwTTEyLjglMkMxMi44Yy00JTJDNC04LjQlMkM1LTkuMSUyQzQuN2wtMS45LTIuMmMwJTJDMCUyQzAlMkMwJTJDMCUyQzBMNC41JTJDMTNsMC43JTJDMS4xJTBBJTA5YzAlMkMwJTJDMCUyQzAlMkMwJTJDMC4xYzAuMyUyQzAuMyUyQzAuNiUyQzAuNSUyQzEuMSUyQzAuNWMwLjQlMkMwJTJDMS43JTJDMC4xJTJDNS4xLTMuM2MwLjgtMC44JTJDMy40LTMuNCUyQzMuMy01LjFjMC0wLjQtMC4yLTAuOC0wLjUtMS4xYzAlMkMwJTJDMCUyQzAtMC4xJTJDMEwxMyUyQzQuNSUwQSUwOWwyLjItMi44YzAlMkMwJTJDMCUyQzAlMkMwJTJDMGwyLjIlMkMxLjlDMTcuOCUyQzQuNCUyQzE2LjclMkM4LjglMkMxMi44JTJDMTIuOHolMjIlM0UlM0MlMkZwYXRoJTNFJTBBJTNDJTJGc3ZnJTNFJTBBJTBBJTIwJTIwJTIwJTIwJTIwJTIwJTIwJTIwJTIwJTIwJTIwJTIwJTIwJTIwJTIwJTIwJTIwJTIwJTIwJTIwJTNDJTJGZGl2JTNFJTBBJTIwJTIwJTIwJTIwJTIwJTIwJTIwJTIwJTIwJTIwJTIwJTIwJTIwJTIwJTIwJTIwJTIwJTIwJTIwJTIwJTNDZGl2JTIwY2xhc3MlM0QlMjJ0ZXh0JTIyJTNFJTBBJTA5JTIwJTIwJTIwJTIwJTIwJTIwJTIwJTIwJTIwJTIwJTIwJTIwJTIwJTIwJTIwJTIwJTIwJTIwJTIwJTIwJTNDZGl2JTIwY2xhc3MlM0QlMjJ0aXRsZSUyMHllbGxvdy10ZXh0JTIwdGV4dC1zaXplLTIyJTIwYm9sZCUyMGxldHRlci1zcGFjaW5nJTIyJTNFVCVDMyU4OUwlQzMlODlQSE9ORSUzQyUyRmRpdiUzRSUwQSUyMCUyMCUyMCUyMCUyMCUyMCUyMCUyMCUyMCUyMCUyMCUyMCUyMCUyMCUyMCUyMCUyMCUyMCUyMCUyMCUyMCUyMCUyMCUyMCUzQ2RpdiUyMGNsYXNzJTNEJTIyZGF0YSUyMHdoaXRlLXRleHQlMjB0ZXh0LXNpemUtMjIlMjBib2xkJTIwJTIyJTNFJTNDYSUyMGhyZWYlM0QlMjJ0ZWwlM0EwMCUyMDM2JTIwMSUyMDI5NyUyMDA0NjklMjIlM0UwMCUyMDM2JTIwMSUyMDI5NyUyMDA0NjklM0MlMkZhJTNFJTNDJTJGZGl2JTNFJTBBJTIwJTIwJTIwJTIwJTIwJTIwJTIwJTIwJTIwJTIwJTIwJTIwJTIwJTIwJTIwJTIwJTIwJTIwJTIwJTIwJTNDJTJGZGl2JTNFJTIwJTBBJTIwJTIwJTIwJTIwJTIwJTIwJTIwJTIwJTIwJTIwJTIwJTIwJTIwJTIwJTIwJTIwJTNDJTJGZGl2JTNFJTBBJTIwJTIwJTIwJTIwJTIwJTIwJTIwJTIwJTIwJTIwJTIwJTIwJTIwJTIwJTIwJTIwJTNDZGl2JTIwY2xhc3MlM0QlMjJpdGVtJTIyJTNFJTBBJTIwJTIwJTIwJTIwJTIwJTIwJTIwJTIwJTIwJTIwJTIwJTIwJTIwJTIwJTIwJTIwJTIwJTIwJTIwJTIwJTNDZGl2JTIwY2xhc3MlM0QlMjJzdmclMjB5ZWxsb3clMjIlM0UlMEElMjAlMjAlMjAlMjAlMjAlMjAlMjAlMjAlMjAlMjAlMjAlMjAlMjAlMjAlMjAlMjAlMjAlMjAlMjAlMjAlMjAlMjAlMjAlMjAlM0NzdmclMjB2ZXJzaW9uJTNEJTIyMS4xJTIyJTIwaWQlM0QlMjJMYXllcl8zJTIyJTIweG1sbnMlM0QlMjJodHRwJTNBJTJGJTJGd3d3LnczLm9yZyUyRjIwMDAlMkZzdmclMjIlMjB4bWxucyUzQXhsaW5rJTNEJTIyaHR0cCUzQSUyRiUyRnd3dy53My5vcmclMkYxOTk5JTJGeGxpbmslMjIlMjB4JTNEJTIyMHB4JTIyJTIweSUzRCUyMjBweCUyMiUyMHZpZXdCb3glM0QlMjIwJTIwMCUyMDE5LjYlMjAxMS41JTIyJTIwc3R5bGUlM0QlMjJlbmFibGUtYmFja2dyb3VuZCUzQW5ldyUyMDAlMjAwJTIwMTkuNiUyMDExLjUlM0IlMjIlMjB4bWwlM0FzcGFjZSUzRCUyMnByZXNlcnZlJTIyJTNFJTBBJTNDcGF0aCUyMGlkJTNEJTIyWE1MSURfMTQ0XyUyMiUyMHN0eWxlJTNEJTIyZmlsbCUzQSUyM0ZDQkUwRSUzQiUyMiUyMGQlM0QlMjJNMTkuNiUyQzAuOEMxOS42JTJDMC44JTJDMTkuNiUyQzAuOCUyQzE5LjYlMkMwLjhjMC0wLjElMkMwLTAuMSUyQzAtMC4yYzAlMkMwJTJDMC0wLjElMkMwLTAuMSUwQSUwOWMwJTJDMCUyQzAtMC4xJTJDMC0wLjFjMCUyQzAlMkMwJTJDMCUyQzAtMC4xYzAlMkMwJTJDMC0wLjElMkMwLTAuMWMwJTJDMCUyQzAlMkMwJTJDMCUyQzBjMCUyQzAlMkMwJTJDMCUyQzAlMkMwYzAlMkMwJTJDMCUyQzAtMC4xLTAuMWMwJTJDMCUyQzAlMkMwLTAuMS0wLjFjMCUyQzAlMkMwJTJDMC0wLjElMkMwJTBBJTA5YzAlMkMwJTJDMCUyQzAtMC4xJTJDMGMwJTJDMCUyQzAlMkMwLTAuMSUyQzBjMCUyQzAtMC4xJTJDMC0wLjElMkMwYzAlMkMwLTAuMSUyQzAtMC4xJTJDMGMwJTJDMC0wLjElMkMwLTAuMSUyQzBjMCUyQzAlMkMwJTJDMC0wLjElMkMwSDAuOWMwJTJDMCUyQzAlMkMwLTAuMSUyQzBjMCUyQzAtMC4xJTJDMC0wLjElMkMwJTBBJTA5YzAlMkMwLTAuMSUyQzAtMC4xJTJDMGMwJTJDMC0wLjElMkMwLTAuMSUyQzBjMCUyQzAlMkMwJTJDMC0wLjElMkMwYzAlMkMwLTAuMSUyQzAtMC4xJTJDMGMwJTJDMCUyQzAlMkMwLTAuMSUyQzBjMCUyQzAlMkMwJTJDMC0wLjElMkMwLjFjMCUyQzAlMkMwJTJDMC0wLjElMkMwLjFjMCUyQzAlMkMwJTJDMCUyQzAlMkMwJTBBJTA5YzAlMkMwJTJDMCUyQzAlMkMwJTJDMGMwJTJDMCUyQzAlMkMwLjElMkMwJTJDMC4xYzAlMkMwJTJDMCUyQzAlMkMwJTJDMC4xYzAlMkMwJTJDMCUyQzAuMSUyQzAlMkMwLjFjMCUyQzAlMkMwJTJDMC4xJTJDMCUyQzAuMWMwJTJDMCUyQzAlMkMwJTJDMCUyQzAuMWMwJTJDMCUyQzAlMkMwLjElMkMwJTJDMC4xYzAlMkMwJTJDMCUyQzAlMkMwJTJDMHY5LjglMEElMDljMCUyQzAuNSUyQzAuNCUyQzAuOSUyQzAuOSUyQzAuOWgxNy45YzAuNSUyQzAlMkMwLjktMC40JTJDMC45LTAuOUwxOS42JTJDMC44QzE5LjYlMkMwLjglMkMxOS42JTJDMC44JTJDMTkuNiUyQzAuOHolMjBNMTYuMiUyQzEuN0w5LjglMkM2LjRMMy40JTJDMS43SDE2LjJ6JTIwTTEuNyUyQzkuOCUwQSUwOVYyLjZsNy42JTJDNS42YzAuMiUyQzAuMSUyQzAuMyUyQzAuMiUyQzAuNSUyQzAuMnMwLjQtMC4xJTJDMC41LTAuMmw3LjYtNS42djcuM0gxLjd6JTIyJTNFJTNDJTJGcGF0aCUzRSUwQSUzQyUyRnN2ZyUzRSUwQSUwQSUyMCUyMCUyMCUyMCUyMCUyMCUyMCUyMCUyMCUyMCUyMCUyMCUyMCUyMCUyMCUyMCUyMCUyMCUyMCUyMCUzQyUyRmRpdiUzRSUwQSUyMCUyMCUyMCUyMCUyMCUyMCUyMCUyMCUyMCUyMCUyMCUyMCUyMCUyMCUyMCUyMCUyMCUyMCUyMCUyMCUzQ2RpdiUyMGNsYXNzJTNEJTIydGV4dCUyMiUzRSUwQSUwOSUyMCUyMCUyMCUyMCUyMCUyMCUyMCUyMCUyMCUyMCUyMCUyMCUyMCUyMCUyMCUyMCUyMCUyMCUyMCUyMCUzQ2RpdiUyMGNsYXNzJTNEJTIydGl0bGUlMjB5ZWxsb3ctdGV4dCUyMHRleHQtc2l6ZS0yMiUyMGJvbGQlMjBsZXR0ZXItc3BhY2luZyUyMiUzRUVNQUlMJTNDJTJGZGl2JTNFJTBBJTIwJTIwJTIwJTIwJTIwJTIwJTIwJTIwJTIwJTIwJTIwJTIwJTIwJTIwJTIwJTIwJTIwJTIwJTIwJTIwJTIwJTIwJTIwJTIwJTNDZGl2JTIwY2xhc3MlM0QlMjJkYXRhJTIwd2hpdGUtdGV4dCUyMHRleHQtc2l6ZS0yMiUyMGJvbGQlMjAlMjIlM0UlM0NhJTIwaHJlZiUzRCUyMm1haWx0byUzQWluZm8lNDBtdGIuZ3JvdXAlMjIlM0VpbmZvJTQwbXRiLmdyb3VwJTNDJTJGYSUzRSUyMCUzQyUyRmRpdiUzRSUwQSUyMCUyMCUyMCUyMCUyMCUyMCUyMCUyMCUyMCUyMCUyMCUyMCUyMCUyMCUyMCUyMCUyMCUyMCUyMCUyMCUzQyUyRmRpdiUzRSUwQSUyMCUyMCUyMCUyMCUyMCUyMCUyMCUyMCUyMCUyMCUyMCUyMCUyMCUyMCUyMCUyMCUzQyUyRmRpdiUzRSUwQSUyMCUyMCUyMCUyMCUyMCUyMCUyMCUyMCUyMCUyMCUyMCUyMCUzQyUyRmRpdiUzRQ==[\/vc_raw_html][\/vc_column_inner][vc_column_inner width=\u00a0\u00bb1\/3&Prime;][vc_raw_html]JTNDZGl2JTIwY2xhc3MlM0QlMjJpY29ucyUyMiUzRSUwQSUyMCUyMCUyMCUyMCUzQ2RpdiUyMGNsYXNzJTNEJTIyaXRlbSUyMiUzRSUwQSUyMCUyMCUyMCUyMCUyMCUzQ2RpdiUyMGNsYXNzJTNEJTIyc3ZnJTIweWVsbG93JTIyJTNFJTBBJTIwJTIwJTIwJTIwJTIwJTIwJTIwJTNDc3ZnJTIwdmVyc2lvbiUzRCUyMjEuMSUyMiUyMGlkJTNEJTIyTGF5ZXJfMyUyMiUyMHhtbG5zJTNEJTIyaHR0cCUzQSUyRiUyRnd3dy53My5vcmclMkYyMDAwJTJGc3ZnJTIyJTIweG1sbnMlM0F4bGluayUzRCUyMmh0dHAlM0ElMkYlMkZ3d3cudzMub3JnJTJGMTk5OSUyRnhsaW5rJTIyJTIweCUzRCUyMjBweCUyMiUyMHklM0QlMjIwcHglMjIlMjB2aWV3Qm94JTNEJTIyMCUyMDAlMjAxNC4xJTIwMTkuNiUyMiUyMHN0eWxlJTNEJTIyZW5hYmxlLWJhY2tncm91bmQlM0FuZXclMjAwJTIwMCUyMDE0LjElMjAxOS42JTNCJTIyJTIweG1sJTNBc3BhY2UlM0QlMjJwcmVzZXJ2ZSUyMiUzRSUwQSUzQ3BhdGglMjBpZCUzRCUyMlhNTElEXzEwNTRfJTIyJTIwc3R5bGUlM0QlMjJmaWxsJTNBJTIzRkNCRTBFJTNCJTIyJTIwZCUzRCUyMk0xMS44JTJDMS43QzEwLjYlMkMwLjYlMkM4LjklMkMwJTJDNyUyQzBTMy41JTJDMC42JTJDMi4zJTJDMS43QzAuOCUyQzMlMkMwJTJDNSUyQzAlMkM3LjUlMEElMDljMCUyQzUuNCUyQzYuMiUyQzExLjclMkM2LjQlMkMxMS45YzAuMiUyQzAuMiUyQzAuNCUyQzAuMyUyQzAuNiUyQzAuM2MwLjIlMkMwJTJDMC40LTAuMSUyQzAuNi0wLjNjMC4zLTAuMyUyQzYuNC02LjYlMkM2LjQtMTEuOUMxNC4xJTJDNSUyQzEzLjMlMkMzJTJDMTEuOCUyQzEuN3olMjBNNyUyQzE3LjUlMEElMDljLTAuNi0wLjYtMS41LTEuNy0yLjQtM2MtMS45LTIuNy0yLjktNS4yLTIuOS03LjFjMC01LjMlMkM0LjEtNS44JTJDNS4zLTUuOGM1JTJDMCUyQzUuMyUyQzQuNCUyQzUuMyUyQzUuOEMxMi40JTJDMTEuMiUyQzguNiUyQzE1LjglMkM3JTJDMTcuNXolMjBNNyUyQzMuNyUwQSUwOWMtMS45JTJDMC0zLjQlMkMxLjUtMy40JTJDMy41czEuNSUyQzMuNSUyQzMuNCUyQzMuNWMxLjklMkMwJTJDMy40LTEuNSUyQzMuNC0zLjVTOC45JTJDMy43JTJDNyUyQzMuN3olMjBNNyUyQzkuMWMtMSUyQzAtMS45LTAuOS0xLjktMnMwLjktMiUyQzEuOS0yJTBBJTA5YzEuMSUyQzAlMkMxLjklMkMwLjklMkMxLjklMkMyUzguMSUyQzkuMSUyQzclMkM5LjF6JTIyJTNFJTNDJTJGcGF0aCUzRSUwQSUyMCUyMCUyMCUyMCUyMCUyMCUyMCUzQyUyRnN2ZyUzRSUwQSUyMCUyMCUyMCUyMCUyMCUyMCUzQyUyRmRpdiUzRSUwQSUyMCUyMCUyMCUyMCUyMCUyMCUyMCUyMCUzQ2RpdiUyMGNsYXNzJTNEJTIydGV4dCUyMiUzRSUwQSUwOSUyMCUyMCUyMCUyMCUyMCUyMCUyMCUyMCUzQ2RpdiUyMGNsYXNzJTNEJTIydGl0bGUlMjB5ZWxsb3ctdGV4dCUyMHRleHQtc2l6ZS0yMiUyMGJvbGQlMjBsZXR0ZXItc3BhY2luZyUyMiUzRU1UQiUyMEVudHJlcCVDMyVCNHQlM0MlMkZkaXYlM0UlMEElMjAlMjAlMjAlMjAlMjAlMjAlMjAlMjAlMjAlMjAlMjAlMjAlM0NkaXYlMjBjbGFzcyUzRCUyMmRhdGElMjB3aGl0ZS10ZXh0JTIwdGV4dC1zaXplLTIyJTIwYm9sZCUyMiUzRTYwNDMlMjBLdW5iYXJhY3MlMkMlMjBEJUMzJUIzenNhJTIwR3klQzMlQjZyZ3klMjB1dGNhJTIwMzMlM0MlMkZkaXYlM0UlMEElMjAlMjAlMjAlMjAlMjAlMjAlMjAlMjAlM0MlMkZkaXYlM0UlMEElMjAlMjAlMjAlMjAlM0MlMkZkaXYlM0UlMEElM0MlMkZkaXYlM0UlMEElMEE=[\/vc_raw_html][\/vc_column_inner][vc_column_inner width=\u00a0\u00bb1\/3&Prime;][vc_raw_html]JTNDZGl2JTIwY2xhc3MlM0QlMjJpY29ucyUyMiUzRSUwQSUyMCUyMCUyMCUyMCUzQ2RpdiUyMGNsYXNzJTNEJTIyaXRlbSUyMiUzRSUwQSUyMCUyMCUyMCUyMCUyMCUzQ2RpdiUyMGNsYXNzJTNEJTIyc3ZnJTIweWVsbG93JTIyJTNFJTBBJTIwJTIwJTIwJTIwJTIwJTIwJTIwJTNDc3ZnJTIwdmVyc2lvbiUzRCUyMjEuMSUyMiUyMGlkJTNEJTIyTGF5ZXJfMyUyMiUyMHhtbG5zJTNEJTIyaHR0cCUzQSUyRiUyRnd3dy53My5vcmclMkYyMDAwJTJGc3ZnJTIyJTIweG1sbnMlM0F4bGluayUzRCUyMmh0dHAlM0ElMkYlMkZ3d3cudzMub3JnJTJGMTk5OSUyRnhsaW5rJTIyJTIweCUzRCUyMjBweCUyMiUyMHklM0QlMjIwcHglMjIlMjB2aWV3Qm94JTNEJTIyMCUyMDAlMjAxNC4xJTIwMTkuNiUyMiUyMHN0eWxlJTNEJTIyZW5hYmxlLWJhY2tncm91bmQlM0FuZXclMjAwJTIwMCUyMDE0LjElMjAxOS42JTNCJTIyJTIweG1sJTNBc3BhY2UlM0QlMjJwcmVzZXJ2ZSUyMiUzRSUwQSUzQ3BhdGglMjBpZCUzRCUyMlhNTElEXzEwNTRfJTIyJTIwc3R5bGUlM0QlMjJmaWxsJTNBJTIzRkNCRTBFJTNCJTIyJTIwZCUzRCUyMk0xMS44JTJDMS43QzEwLjYlMkMwLjYlMkM4LjklMkMwJTJDNyUyQzBTMy41JTJDMC42JTJDMi4zJTJDMS43QzAuOCUyQzMlMkMwJTJDNSUyQzAlMkM3LjUlMEElMDljMCUyQzUuNCUyQzYuMiUyQzExLjclMkM2LjQlMkMxMS45YzAuMiUyQzAuMiUyQzAuNCUyQzAuMyUyQzAuNiUyQzAuM2MwLjIlMkMwJTJDMC40LTAuMSUyQzAuNi0wLjNjMC4zLTAuMyUyQzYuNC02LjYlMkM2LjQtMTEuOUMxNC4xJTJDNSUyQzEzLjMlMkMzJTJDMTEuOCUyQzEuN3olMjBNNyUyQzE3LjUlMEElMDljLTAuNi0wLjYtMS41LTEuNy0yLjQtM2MtMS45LTIuNy0yLjktNS4yLTIuOS03LjFjMC01LjMlMkM0LjEtNS44JTJDNS4zLTUuOGM1JTJDMCUyQzUuMyUyQzQuNCUyQzUuMyUyQzUuOEMxMi40JTJDMTEuMiUyQzguNiUyQzE1LjglMkM3JTJDMTcuNXolMjBNNyUyQzMuNyUwQSUwOWMtMS45JTJDMC0zLjQlMkMxLjUtMy40JTJDMy41czEuNSUyQzMuNSUyQzMuNCUyQzMuNWMxLjklMkMwJTJDMy40LTEuNSUyQzMuNC0zLjVTOC45JTJDMy43JTJDNyUyQzMuN3olMjBNNyUyQzkuMWMtMSUyQzAtMS45LTAuOS0xLjktMnMwLjktMiUyQzEuOS0yJTBBJTA5YzEuMSUyQzAlMkMxLjklMkMwLjklMkMxLjklMkMyUzguMSUyQzkuMSUyQzclMkM5LjF6JTIyJTNFJTNDJTJGcGF0aCUzRSUwQSUyMCUyMCUyMCUyMCUyMCUyMCUyMCUzQyUyRnN2ZyUzRSUwQSUyMCUyMCUyMCUyMCUyMCUyMCUzQyUyRmRpdiUzRSUwQSUyMCUyMCUyMCUyMCUyMCUyMCUyMCUyMCUzQ2RpdiUyMGNsYXNzJTNEJTIydGV4dCUyMiUzRSUwQSUwOSUyMCUyMCUyMCUyMCUyMCUyMCUyMCUyMCUzQ2RpdiUyMGNsYXNzJTNEJTIydGl0bGUlMjB5ZWxsb3ctdGV4dCUyMHRleHQtc2l6ZS0yMiUyMGJvbGQlMjBsZXR0ZXItc3BhY2luZyUyMiUzRU1UQiUyMEZSQU5DRSUyMFMuQS5TLiUzQyUyRmRpdiUzRSUwQSUyMCUyMCUyMCUyMCUyMCUyMCUyMCUyMCUyMCUyMCUyMCUyMCUzQ2RpdiUyMGNsYXNzJTNEJTIyZGF0YSUyMHdoaXRlLXRleHQlMjB0ZXh0LXNpemUtMjIlMjBib2xkJTIyJTNFNTQlMjBSdWUlMjBBbmRyJUMzJUE5JTIwVmFzc2V1ciUyMDMxMjAwJTIwVG91bG91c2UlM0MlMkZkaXYlM0UlMEElMjAlMjAlMjAlMjAlMjAlMjAlMjAlMjAlM0MlMkZkaXYlM0UlMEElMjAlMjAlMjAlMjAlM0MlMkZkaXYlM0UlMEElM0MlMkZkaXYlM0U=[\/vc_raw_html][\/vc_column_inner][\/vc_row_inner][\/vc_column][\/vc_row]<\/p>\n<\/div>[\/vc_column][\/vc_row]<\/p>\n<\/div>","protected":false},"excerpt":{"rendered":"<p>[vc_row][vc_column][vc_column_text el_class=\u00a0\u00bbsection-title\u00a0\u00bb] EXPERT EN SANT\u00c9 ET SECURIT\u00c9 [\/vc_column_text][vc_column_text el_class=\u00a0\u00bbsection-block\u00a0\u00bb link_color=\u00a0\u00bb#fcbd18&Prime;] \u00abCeux qui pensent qu&rsquo;acqu\u00e9rir des connaissances co\u00fbte cher, consid\u00e8rent-ils les co\u00fbts de l&rsquo;ignorance?\u00bb (Tonk Emil) L\u2019histoire couronn\u00e9e de succ\u00e8s de MTB Group a commenc\u00e9 en 2007 avec un bureau d&rsquo;ing\u00e9nierie unipersonnel, au sein duquel les t\u00e2ches effectu\u00e9es touchaient principalement au domaine de la s\u00e9curit\u00e9 au [&hellip;]<\/p>\n","protected":false},"author":6,"featured_media":0,"parent":0,"menu_order":0,"comment_status":"closed","ping_status":"closed","template":"","meta":{"_acf_changed":false,"footnotes":""},"class_list":["post-7718","page","type-page","status-publish","hentry"],"acf":[],"_links":{"self":[{"href":"https:\/\/mtb.group\/fr\/wp-json\/wp\/v2\/pages\/7718","targetHints":{"allow":["GET"]}}],"collection":[{"href":"https:\/\/mtb.group\/fr\/wp-json\/wp\/v2\/pages"}],"about":[{"href":"https:\/\/mtb.group\/fr\/wp-json\/wp\/v2\/types\/page"}],"author":[{"embeddable":true,"href":"https:\/\/mtb.group\/fr\/wp-json\/wp\/v2\/users\/6"}],"replies":[{"embeddable":true,"href":"https:\/\/mtb.group\/fr\/wp-json\/wp\/v2\/comments?post=7718"}],"version-history":[{"count":3,"href":"https:\/\/mtb.group\/fr\/wp-json\/wp\/v2\/pages\/7718\/revisions"}],"predecessor-version":[{"id":9749,"href":"https:\/\/mtb.group\/fr\/wp-json\/wp\/v2\/pages\/7718\/revisions\/9749"}],"wp:attachment":[{"href":"https:\/\/mtb.group\/fr\/wp-json\/wp\/v2\/media?parent=7718"}],"curies":[{"name":"wp","href":"https:\/\/api.w.org\/{rel}","templated":true}]}}